
{"id":11,"date":"2025-04-27T21:41:39","date_gmt":"2025-04-27T19:41:39","guid":{"rendered":"https:\/\/anilever.pl\/index.php\/koszyk\/"},"modified":"2025-04-29T22:15:37","modified_gmt":"2025-04-29T20:15:37","slug":"koszyk","status":"publish","type":"page","link":"https:\/\/anilever.pl\/index.php\/koszyk\/","title":{"rendered":"Koszyk"},"content":{"rendered":"<div data-block-name=\"woocommerce\/cart\" class=\"wp-block-woocommerce-cart alignwide is-loading\"><div data-block-name=\"woocommerce\/filled-cart-block\" class=\"wp-block-woocommerce-filled-cart-block\"><div data-block-name=\"woocommerce\/cart-items-block\" class=\"wp-block-woocommerce-cart-items-block\"><div data-block-name=\"woocommerce\/cart-line-items-block\" class=\"wp-block-woocommerce-cart-line-items-block\"><\/div>\n\n<div data-block-name=\"woocommerce\/cart-cross-sells-block\" class=\"wp-block-woocommerce-cart-cross-sells-block\"><h2 class=\"wp-block-heading has-large-font-size\">Zobacz inne r\u00f3wnie interesuj\u0105ce\u2026<\/h2>\n\n<div data-block-name=\"woocommerce\/cart-cross-sells-products-block\" class=\"wp-block-woocommerce-cart-cross-sells-products-block\"><\/div><\/div><\/div>\n\n<div data-block-name=\"woocommerce\/cart-totals-block\" class=\"wp-block-woocommerce-cart-totals-block\"><div data-block-name=\"woocommerce\/cart-order-summary-block\" class=\"wp-block-woocommerce-cart-order-summary-block\"><div data-block-name=\"woocommerce\/cart-order-summary-heading-block\" class=\"wp-block-woocommerce-cart-order-summary-heading-block\"><\/div><div data-block-name=\"woocommerce\/cart-order-summary-coupon-form-block\" class=\"wp-block-woocommerce-cart-order-summary-coupon-form-block\"><\/div><div data-block-name=\"woocommerce\/cart-order-summary-totals-block\" class=\"wp-block-woocommerce-cart-order-summary-totals-block\">\n<div data-block-name=\"woocommerce\/cart-order-summary-subtotal-block\" class=\"wp-block-woocommerce-cart-order-summary-subtotal-block\"><\/div>\n<div data-block-name=\"woocommerce\/cart-order-summary-discount-block\" class=\"wp-block-woocommerce-cart-order-summary-discount-block\"><\/div>\n<div data-block-name=\"woocommerce\/cart-order-summary-fee-block\" class=\"wp-block-woocommerce-cart-order-summary-fee-block\"><\/div>\n<div data-block-name=\"woocommerce\/cart-order-summary-shipping-block\" class=\"wp-block-woocommerce-cart-order-summary-shipping-block\"><\/div>\n<div data-block-name=\"woocommerce\/cart-order-summary-taxes-block\" class=\"wp-block-woocommerce-cart-order-summary-taxes-block\"><\/div><\/div><\/div>\n\n<div data-block-name=\"woocommerce\/cart-express-payment-block\" class=\"wp-block-woocommerce-cart-express-payment-block\"><\/div>\n\n<div data-block-name=\"woocommerce\/proceed-to-checkout-block\" class=\"wp-block-woocommerce-proceed-to-checkout-block\"><\/div>\n\n<div data-block-name=\"woocommerce\/cart-accepted-payment-methods-block\" class=\"wp-block-woocommerce-cart-accepted-payment-methods-block\"><\/div><\/div><\/div>\n\n<div data-block-name=\"woocommerce\/empty-cart-block\" class=\"wp-block-woocommerce-empty-cart-block\"><h2 class=\"wp-block-heading has-text-align-center with-empty-cart-icon wc-block-cart__empty-cart__title\">Tw\u00f3j koszyk jest obecnie pusty!<\/h2>\n\n<hr class=\"wp-block-separator has-alpha-channel-opacity is-style-dots\"\/>\n\n<h2 class=\"wp-block-heading has-text-align-center\">Nowe w sklepie<\/h2>\n\n<div data-block-name=\"woocommerce\/product-new\" data-columns=\"4\" data-rows=\"1\" class=\"wc-block-grid wp-block-product-new wp-block-woocommerce-product-new wc-block-product-new has-4-columns\"><ul class=\"wc-block-grid__products\"><li class=\"wc-block-grid__product\">\n\t\t\t\t<a href=\"https:\/\/anilever.pl\/index.php\/produkt\/audyt-energetyczny-dla-celow-termomodernizacji-lub-poprawy-efektywnosci-energetycznej-dla-duzych-przedsiebiorstw\/\" class=\"wc-block-grid__product-link\">\n\t\t\t\t\t\n\t\t\t\t\t<div class=\"wc-block-grid__product-image\"><img fetchpriority=\"high\" decoding=\"async\" width=\"300\" height=\"300\" src=\"https:\/\/anilever.pl\/wp-content\/uploads\/2025\/05\/akcjonariusze-zakladow-przemyslowych-prowadzacy-badania-dotyczace-potencjalnych-inwestycji-300x300.jpg\" class=\"attachment-woocommerce_thumbnail size-woocommerce_thumbnail\" alt=\"Audyt energetyczny dla cel\u00f3w termomodernizacji lub poprawy efektywno\u015bci energetycznej dla DU\u017bYCH PRZEDSI\u0118BIORSTW\" srcset=\"https:\/\/anilever.pl\/wp-content\/uploads\/2025\/05\/akcjonariusze-zakladow-przemyslowych-prowadzacy-badania-dotyczace-potencjalnych-inwestycji-300x300.jpg 300w, https:\/\/anilever.pl\/wp-content\/uploads\/2025\/05\/akcjonariusze-zakladow-przemyslowych-prowadzacy-badania-dotyczace-potencjalnych-inwestycji-150x150.jpg 150w, https:\/\/anilever.pl\/wp-content\/uploads\/2025\/05\/akcjonariusze-zakladow-przemyslowych-prowadzacy-badania-dotyczace-potencjalnych-inwestycji-100x100.jpg 100w\" sizes=\"(max-width: 300px) 100vw, 300px\" \/><\/div>\n\t\t\t\t\t<div class=\"wc-block-grid__product-title\">Audyt energetyczny dla cel\u00f3w termomodernizacji lub poprawy efektywno\u015bci energetycznej dla DU\u017bYCH PRZEDSI\u0118BIORSTW<\/div>\n\t\t\t\t<\/a>\n\t\t\t\t<div class=\"wc-block-grid__product-price price\"><span class=\"woocommerce-Price-amount amount\">11,000.00&nbsp;<span class=\"woocommerce-Price-currencySymbol\">&#122;&#322;<\/span><\/span><\/div>\n\t\t\t\t\n\t\t\t\t<div class=\"wp-block-button wc-block-grid__product-add-to-cart\"><a href=\"?add-to-cart=2782\" aria-label=\"Dodaj do koszyka: &bdquo;Audyt energetyczny dla cel\u00f3w termomodernizacji lub poprawy efektywno\u015bci energetycznej dla DU\u017bYCH PRZEDSI\u0118BIORSTW&rdquo;\" data-quantity=\"1\" data-product_id=\"2782\" data-product_sku=\"\" data-price=\"11000\" rel=\"nofollow\" class=\"wp-block-button__link  add_to_cart_button ajax_add_to_cart\">Dodaj do koszyka<\/a><\/div>\n\t\t\t<\/li><li class=\"wc-block-grid__product\">\n\t\t\t\t<a href=\"https:\/\/anilever.pl\/index.php\/produkt\/audyt-energetyczny-dla-celow-termomodernizacji-lub-poprawy-efektywnosci-energetycznej-dla-msp\/\" class=\"wc-block-grid__product-link\">\n\t\t\t\t\t\n\t\t\t\t\t<div class=\"wc-block-grid__product-image\"><img decoding=\"async\" width=\"300\" height=\"300\" src=\"https:\/\/anilever.pl\/wp-content\/uploads\/2025\/05\/3d-wskazniki-energetyczne-domu-w-budowie-300x300.jpg\" class=\"attachment-woocommerce_thumbnail size-woocommerce_thumbnail\" alt=\"Audyt energetyczny dla cel\u00f3w termomodernizacji lub poprawy efektywno\u015bci energetycznej dla M\u015aP\" srcset=\"https:\/\/anilever.pl\/wp-content\/uploads\/2025\/05\/3d-wskazniki-energetyczne-domu-w-budowie-300x300.jpg 300w, https:\/\/anilever.pl\/wp-content\/uploads\/2025\/05\/3d-wskazniki-energetyczne-domu-w-budowie-150x150.jpg 150w, https:\/\/anilever.pl\/wp-content\/uploads\/2025\/05\/3d-wskazniki-energetyczne-domu-w-budowie-100x100.jpg 100w\" sizes=\"(max-width: 300px) 100vw, 300px\" \/><\/div>\n\t\t\t\t\t<div class=\"wc-block-grid__product-title\">Audyt energetyczny dla cel\u00f3w termomodernizacji lub poprawy efektywno\u015bci energetycznej dla M\u015aP<\/div>\n\t\t\t\t<\/a>\n\t\t\t\t<div class=\"wc-block-grid__product-price price\"><span class=\"woocommerce-Price-amount amount\">7,500.00&nbsp;<span class=\"woocommerce-Price-currencySymbol\">&#122;&#322;<\/span><\/span><\/div>\n\t\t\t\t\n\t\t\t\t<div class=\"wp-block-button wc-block-grid__product-add-to-cart\"><a href=\"?add-to-cart=2780\" aria-label=\"Dodaj do koszyka: &bdquo;Audyt energetyczny dla cel\u00f3w termomodernizacji lub poprawy efektywno\u015bci energetycznej dla M\u015aP&rdquo;\" data-quantity=\"1\" data-product_id=\"2780\" data-product_sku=\"\" data-price=\"7500\" rel=\"nofollow\" class=\"wp-block-button__link  add_to_cart_button ajax_add_to_cart\">Dodaj do koszyka<\/a><\/div>\n\t\t\t<\/li><li class=\"wc-block-grid__product\">\n\t\t\t\t<a href=\"https:\/\/anilever.pl\/index.php\/produkt\/audyt-energetyczny-dla-wspolnot-i-spoldzielni-mieszkaniowych\/\" class=\"wc-block-grid__product-link\">\n\t\t\t\t\t\n\t\t\t\t\t<div class=\"wc-block-grid__product-image\"><img decoding=\"async\" width=\"300\" height=\"300\" src=\"https:\/\/anilever.pl\/wp-content\/uploads\/2025\/05\/technik-elektryk-skupiony-podczas-pracy-w-rozdzielnicy-z-bezpiecznikami-300x300.jpg\" class=\"attachment-woocommerce_thumbnail size-woocommerce_thumbnail\" alt=\"Audyt energetyczny dla wsp\u00f3lnot i sp\u00f3\u0142dzielni mieszkaniowych\" srcset=\"https:\/\/anilever.pl\/wp-content\/uploads\/2025\/05\/technik-elektryk-skupiony-podczas-pracy-w-rozdzielnicy-z-bezpiecznikami-300x300.jpg 300w, https:\/\/anilever.pl\/wp-content\/uploads\/2025\/05\/technik-elektryk-skupiony-podczas-pracy-w-rozdzielnicy-z-bezpiecznikami-150x150.jpg 150w, https:\/\/anilever.pl\/wp-content\/uploads\/2025\/05\/technik-elektryk-skupiony-podczas-pracy-w-rozdzielnicy-z-bezpiecznikami-100x100.jpg 100w\" sizes=\"(max-width: 300px) 100vw, 300px\" \/><\/div>\n\t\t\t\t\t<div class=\"wc-block-grid__product-title\">Audyt energetyczny dla wsp\u00f3lnot i sp\u00f3\u0142dzielni mieszkaniowych<\/div>\n\t\t\t\t<\/a>\n\t\t\t\t<div class=\"wc-block-grid__product-price price\"><span class=\"woocommerce-Price-amount amount\">5,400.00&nbsp;<span class=\"woocommerce-Price-currencySymbol\">&#122;&#322;<\/span><\/span><\/div>\n\t\t\t\t\n\t\t\t\t<div class=\"wp-block-button wc-block-grid__product-add-to-cart\"><a href=\"https:\/\/anilever.pl\/index.php\/produkt\/audyt-energetyczny-dla-wspolnot-i-spoldzielni-mieszkaniowych\/\" aria-label=\"Przeczytaj wi\u0119cej o &bdquo;Audyt energetyczny dla wsp\u00f3lnot i sp\u00f3\u0142dzielni mieszkaniowych&rdquo;\" data-quantity=\"1\" data-product_id=\"2777\" data-product_sku=\"\" data-price=\"5400\" rel=\"nofollow\" class=\"wp-block-button__link  add_to_cart_button\">Dowiedz si\u0119 wi\u0119cej<\/a><\/div>\n\t\t\t<\/li><li class=\"wc-block-grid__product\">\n\t\t\t\t<a href=\"https:\/\/anilever.pl\/index.php\/produkt\/audyt-energetyczny-dla-budynkow-jednorodzinnych-lub-mieszkan-mieszkanie\/\" class=\"wc-block-grid__product-link\">\n\t\t\t\t\t\n\t\t\t\t\t<div class=\"wc-block-grid__product-image\"><img loading=\"lazy\" decoding=\"async\" width=\"300\" height=\"300\" src=\"https:\/\/anilever.pl\/wp-content\/uploads\/2025\/05\/kobiece-projekty-srodowiskowe-planowania-1-300x300.jpg\" class=\"attachment-woocommerce_thumbnail size-woocommerce_thumbnail\" alt=\"Audyt energetyczny dla budynk\u00f3w jednorodzinnych lub mieszka\u0144 (mieszkanie)\" srcset=\"https:\/\/anilever.pl\/wp-content\/uploads\/2025\/05\/kobiece-projekty-srodowiskowe-planowania-1-300x300.jpg 300w, https:\/\/anilever.pl\/wp-content\/uploads\/2025\/05\/kobiece-projekty-srodowiskowe-planowania-1-150x150.jpg 150w, https:\/\/anilever.pl\/wp-content\/uploads\/2025\/05\/kobiece-projekty-srodowiskowe-planowania-1-100x100.jpg 100w\" sizes=\"(max-width: 300px) 100vw, 300px\" \/><\/div>\n\t\t\t\t\t<div class=\"wc-block-grid__product-title\">Audyt energetyczny dla budynk\u00f3w jednorodzinnych lub mieszka\u0144 (mieszkanie)<\/div>\n\t\t\t\t<\/a>\n\t\t\t\t<div class=\"wc-block-grid__product-price price\"><span class=\"woocommerce-Price-amount amount\">1,450.00&nbsp;<span class=\"woocommerce-Price-currencySymbol\">&#122;&#322;<\/span><\/span><\/div>\n\t\t\t\t\n\t\t\t\t<div class=\"wp-block-button wc-block-grid__product-add-to-cart\"><a href=\"?add-to-cart=2776\" aria-label=\"Dodaj do koszyka: &bdquo;Audyt energetyczny dla budynk\u00f3w jednorodzinnych lub mieszka\u0144 (mieszkanie)&rdquo;\" data-quantity=\"1\" data-product_id=\"2776\" data-product_sku=\"\" data-price=\"1450\" rel=\"nofollow\" class=\"wp-block-button__link  add_to_cart_button ajax_add_to_cart\">Dodaj do koszyka<\/a><\/div>\n\t\t\t<\/li><\/ul><\/div><\/div><\/div>","protected":false},"excerpt":{"rendered":"","protected":false},"author":1,"featured_media":0,"parent":0,"menu_order":0,"comment_status":"closed","ping_status":"closed","template":"","meta":{"_acf_changed":false,"footnotes":""},"class_list":["post-11","page","type-page","status-publish","hentry"],"acf":[],"_links":{"self":[{"href":"https:\/\/anilever.pl\/index.php\/wp-json\/wp\/v2\/pages\/11","targetHints":{"allow":["GET"]}}],"collection":[{"href":"https:\/\/anilever.pl\/index.php\/wp-json\/wp\/v2\/pages"}],"about":[{"href":"https:\/\/anilever.pl\/index.php\/wp-json\/wp\/v2\/types\/page"}],"author":[{"embeddable":true,"href":"https:\/\/anilever.pl\/index.php\/wp-json\/wp\/v2\/users\/1"}],"replies":[{"embeddable":true,"href":"https:\/\/anilever.pl\/index.php\/wp-json\/wp\/v2\/comments?post=11"}],"version-history":[{"count":1,"href":"https:\/\/anilever.pl\/index.php\/wp-json\/wp\/v2\/pages\/11\/revisions"}],"predecessor-version":[{"id":16,"href":"https:\/\/anilever.pl\/index.php\/wp-json\/wp\/v2\/pages\/11\/revisions\/16"}],"wp:attachment":[{"href":"https:\/\/anilever.pl\/index.php\/wp-json\/wp\/v2\/media?parent=11"}],"curies":[{"name":"wp","href":"https:\/\/api.w.org\/{rel}","templated":true}]}}